{"id":2481,"date":"2025-07-09T13:14:48","date_gmt":"2025-07-09T11:14:48","guid":{"rendered":"https:\/\/www.camping2laplage.com\/camping-bord-de-lac-base-nautique-treffort\/"},"modified":"2025-09-22T12:21:18","modified_gmt":"2025-09-22T10:21:18","slug":"campingplatz-am-see-wassersportzentrum-treffort","status":"publish","type":"page","link":"https:\/\/www.camping2laplage.com\/de\/campingplatz-am-see-wassersportzentrum-treffort\/","title":{"rendered":"See &amp; Wassersportzentrum"},"content":{"rendered":"\n<div id=\"titre-fil\" class=\"wp-block-group is-vertical is-content-justification-center is-layout-flex wp-container-core-group-is-layout-3fb1c651 wp-block-group-is-layout-flex\" style=\"padding-right:20%;padding-left:20%\">\n<div class=\"wp-block-group is-horizontal is-layout-flex wp-container-core-group-is-layout-048c9698 wp-block-group-is-layout-flex\">\n<p class=\"has-text-align-center has-custom-rouge-color has-text-color has-link-color wp-elements-79a042dbca45755e6373eff5dc6677e8\" style=\"font-style:normal;font-weight:400;letter-spacing:2px\"><a href=\"https:\/\/www.camping2laplage.com\/de\/\" data-type=\"page\" data-id=\"5\">Campingplatz 2 am Strand<\/a> &gt;<\/p>\n\n\n<p class=\"has-text-align-center has-custom-rouge-color has-text-color has-link-color\" \n    style=\"font-style:normal;font-weight:400;letter-spacing:2px\">See &amp; Wassersportzentrum<\/p>\n<\/div>\n\n\n\n<h1 class=\"wp-block-heading has-text-align-center has-custom-rouge-color has-text-color has-link-color wp-elements-6e803e4f1c9007c9f154208186fa6961\" id=\"titre-page\" style=\"font-size:clamp(2.629rem, 2.629rem + ((1vw - 0.2rem) * 2.258), 5rem);\">Campingplatz am See von Monteynard<\/h1>\n\n\n\n<p>Der See von Monteynard ist ein kleines Paradies f\u00fcr alle Badefreunde und Wasserratten und bietet eine F\u00fclle von Aktivit\u00e4ten, die Ihnen unvergessliche Momente auf dem <a href=\"https:\/\/www.camping2laplage.com\/de\/\" data-type=\"page\" data-id=\"5\">Campingplatz im Departement Is\u00e8re<\/a> bescheren werden. Ob allein, mit der Familie oder mit Freunden, in Monteynard gibt es f\u00fcr jeden Geschmack und jedes Alter etwas! <\/p>\n<\/div>\n\n<div style=\"height:100px\" aria-hidden=\"true\" class=\"wp-block-spacer gt-hide-mobile\"><\/div>\n\n<div id=\"gt_1-cta-svg_001\" class=\"wp-block-group has-global-padding is-layout-constrained wp-block-group-is-layout-constrained\">\n<div class=\"wp-block-columns are-vertically-aligned-center is-layout-flex wp-container-core-columns-is-layout-9b24e0e0 wp-block-columns-is-layout-flex\">\n<div class=\"wp-block-column is-vertically-aligned-center animated slideInUp is-layout-flow wp-block-column-is-layout-flow\" id=\"content\">\n<h2 class=\"wp-block-heading has-custom-rouge-color has-text-color has-link-color wp-elements-0e4a9c3aa4ca729abec2c20cabb2cc8d\">Wasserspiele am See, der an den Campingplatz grenzt <\/h2>\n\n\n\n<p>Damit Ihre Kinder richtig Spa\u00df haben, gibt es einen <strong>Wasserspielplatz<\/strong> am Lac de Monteynard, der sich auf der Seite der Wassersportbasis von Treffort befindet. Dieser Wasserpark ist Eigentum der Gemeinde und kann manchmal geschlossen sein. Erkundigen Sie sich an der Rezeption des <a href=\"https:\/\/www.camping2laplage.com\/de\/campingplatz-treffort\/\" data-type=\"page\" data-id=\"6\">Campingplatzes in Treffort<\/a>. <\/p>\n\n\n\n<p>Das Schwimmen im See ist nicht erlaubt. Sie k\u00f6nnen sich jedoch erfrischen und Ihre F\u00fc\u00dfe eintauchen. <\/p>\n\n\n\n<p><strong>Auf dem Programm stehen<\/strong> viel Spa\u00df im kleinen Becken und auf der <strong>Rutsche<\/strong> und viel Gel\u00e4chter unter den Wasserd\u00fcsen. So k\u00f6nnen Sie viele neue Freunde, sch\u00f6ne Erinnerungen und Tr\u00e4ume sammeln, wenn der Abend kommt! Der <strong>Bade- und Wasserspielplatz<\/strong> am Lac de Monteynard ist f\u00fcr Kinder bis 12 Jahre zug\u00e4nglich &#8211; unter der Aufsicht eines Elternteils. Er ist in den Monaten Juli und August von 13:30 bis 18:00 Uhr ge\u00f6ffnet (die Daten k\u00f6nnen aufgrund der Schulferien variieren).    <\/p>\n\n\n\n<p>Der Campingplatz de la Plage <strong>bietet seinen G\u00e4sten Eintrittskarten<\/strong> f\u00fcr den Wasserspielplatz. Kommen Sie bis 17:30 Uhr an der Rezeption des Campingplatzes vorbei, um Ihre Eintrittskarten abzuholen. <\/p>\n<\/div>\n\n\n\n<div class=\"wp-block-column is-vertically-aligned-center is-layout-flow wp-block-column-is-layout-flow\" id=\"image\">\n<div data-swiper=\"{&quot;speed&quot;:400,&quot;spaceBetween&quot;:16,&quot;slidesPerView&quot;:3,&quot;createElements&quot;:true,&quot;loop&quot;:true,&quot;freemode&quot;:true,&quot;navigation&quot;:{&quot;nextEl&quot;:&quot;buttonNext&quot;,&quot;prevEl&quot;:&quot;buttonPrev&quot;},&quot;breakpoints&quot;:[{&quot;slidesPerView&quot;:1}]}\" class=\"wp-block-group gt-is-slider gt-is-slider-desktop has-global-padding is-layout-constrained wp-block-group-is-layout-constrained\">\n<figure class=\"wp-block-image size-large has-custom-border\"><img decoding=\"async\" width=\"1024\" height=\"683\" src=\"https:\/\/www.camping2laplage.com\/wp-content\/uploads\/2025\/08\/lac-activites-nautiques-isere-1024x683.jpg\" alt=\"See Wassersport isere\" class=\"wp-image-1687\" style=\"border-radius:25px\" srcset=\"https:\/\/www.camping2laplage.com\/wp-content\/uploads\/2025\/08\/lac-activites-nautiques-isere-1024x683.jpg 1024w, https:\/\/www.camping2laplage.com\/wp-content\/uploads\/2025\/08\/lac-activites-nautiques-isere-300x200.jpg 300w, https:\/\/www.camping2laplage.com\/wp-content\/uploads\/2025\/08\/lac-activites-nautiques-isere-768x512.jpg 768w, https:\/\/www.camping2laplage.com\/wp-content\/uploads\/2025\/08\/lac-activites-nautiques-isere.jpg 1199w\" sizes=\"(max-width: 1024px) 100vw, 1024px\" \/><\/figure>\n\n\n\n<figure class=\"wp-block-image size-large has-custom-border\"><img decoding=\"async\" width=\"1024\" height=\"683\" src=\"https:\/\/www.camping2laplage.com\/wp-content\/uploads\/2025\/08\/jeux-aquatiques-alpes-1024x683.jpg\" alt=\"wasserspiele alpen\" class=\"wp-image-1691\" style=\"border-radius:25px\" srcset=\"https:\/\/www.camping2laplage.com\/wp-content\/uploads\/2025\/08\/jeux-aquatiques-alpes-1024x683.jpg 1024w, https:\/\/www.camping2laplage.com\/wp-content\/uploads\/2025\/08\/jeux-aquatiques-alpes-300x200.jpg 300w, https:\/\/www.camping2laplage.com\/wp-content\/uploads\/2025\/08\/jeux-aquatiques-alpes-768x512.jpg 768w, https:\/\/www.camping2laplage.com\/wp-content\/uploads\/2025\/08\/jeux-aquatiques-alpes.jpg 1199w\" sizes=\"(max-width: 1024px) 100vw, 1024px\" \/><\/figure>\n<\/div>\n<\/div>\n<\/div>\n<\/div>\n\n<div style=\"height:100px\" aria-hidden=\"true\" class=\"wp-block-spacer gt-hide-mobile\"><\/div>\n\n<div id=\"gt_3-ctafull_001\" class=\"wp-block-group has-global-padding is-layout-constrained wp-container-core-group-is-layout-12243e0f wp-block-group-is-layout-constrained\">\n<div id=\"slider-images\" class=\"wp-block-group has-global-padding is-layout-constrained wp-container-core-group-is-layout-e555385e wp-block-group-is-layout-constrained\">\n<div data-swiper=\"{&quot;speed&quot;:1000,&quot;autoplay&quot;:{&quot;delay&quot;:5000,&quot;disableOnInteraction&quot;:false},&quot;spaceBetween&quot;:0,&quot;slidesPerView&quot;:1,&quot;pagination&quot;:{&quot;el&quot;:&quot;.swiper-pagination&quot;,&quot;dynamicBullets&quot;:true,&quot;clickable&quot;:true,&quot;type&quot;:&quot;bullets&quot;},&quot;navigation&quot;:{&quot;nextEl&quot;:&quot;.swiper-button-next&quot;,&quot;prevEl&quot;:&quot;.swiper-button-prev&quot;},&quot;breakpoints&quot;:[{&quot;slidesPerView&quot;:1}]}\" class=\"wp-block-cover\"><img decoding=\"async\" width=\"1899\" height=\"1266\" class=\"wp-block-cover__image-background wp-image-624 size-full\" alt=\"camping avec lac et aire aquatique\" src=\"https:\/\/www.camping2laplage.com\/wp-content\/uploads\/2025\/07\/camping-avec-lac-et-aire-aquatique.webp\" data-object-fit=\"cover\" srcset=\"https:\/\/www.camping2laplage.com\/wp-content\/uploads\/2025\/07\/camping-avec-lac-et-aire-aquatique.webp 1899w, https:\/\/www.camping2laplage.com\/wp-content\/uploads\/2025\/07\/camping-avec-lac-et-aire-aquatique-300x200.webp 300w, https:\/\/www.camping2laplage.com\/wp-content\/uploads\/2025\/07\/camping-avec-lac-et-aire-aquatique-1024x683.webp 1024w, https:\/\/www.camping2laplage.com\/wp-content\/uploads\/2025\/07\/camping-avec-lac-et-aire-aquatique-768x512.webp 768w, https:\/\/www.camping2laplage.com\/wp-content\/uploads\/2025\/07\/camping-avec-lac-et-aire-aquatique-1536x1024.webp 1536w\" sizes=\"(max-width: 1899px) 100vw, 1899px\" \/><span aria-hidden=\"true\" class=\"wp-block-cover__background has-background-dim\"><\/span><div class=\"wp-block-cover__inner-container has-global-padding is-layout-constrained wp-block-cover-is-layout-constrained\">\n<p class=\"has-text-align-center has-large-font-size\"><\/p>\n<\/div><\/div>\n<\/div>\n\n\n\n<div class=\"wp-block-columns has-custom-rouge-background-color has-background is-layout-flex wp-container-core-columns-is-layout-32f5ffe2 wp-block-columns-is-layout-flex\" id=\"content\" style=\"padding-top:6em;padding-right:8em;padding-bottom:6em;padding-left:8em\">\n<div class=\"wp-block-column is-layout-flow wp-block-column-is-layout-flow\">\n<h2 class=\"wp-block-heading has-base-2-color has-text-color has-link-color wp-elements-834310a6101bf7633aa9bafa631aa3e5\">Der See von Monteynard: ein Paradies f\u00fcr Wassersportaktivit\u00e4ten!<\/h2>\n\n\n\n<p class=\"has-base-2-color has-text-color has-link-color wp-elements-c553337bf0b9c17e63b499605447dc53\">Sie m\u00fcssen nicht ans Ende der Welt reisen, um das Vergn\u00fcgen zu haben, sich in t\u00fcrkisfarbenem Wasser zu bewegen, eine bezaubernde Umgebung zu genie\u00dfen und von <strong>zahlreichen Wassersportaktivit\u00e4ten<\/strong> zu profitieren. Ein Campingurlaub am See von Monteynard bietet all das und noch viel mehr!  <\/p>\n\n\n\n<p class=\"has-base-2-color has-text-color has-link-color wp-elements-8a4042bde4f9b9a784140e1f9474a7df\">Paddeln, Segeln, Kanu, Wakeboard, Kitesurfing, Windsurfing, Wasserski usw. sind die Unterhaltungsm\u00f6glichkeiten f\u00fcr <strong>Liebhaber<\/strong> von Nervenkitzel, die auf dem See in aller Sicherheit und ohne M\u00e4\u00dfigung ausge\u00fcbt werden k\u00f6nnen. Ob Sie Anf\u00e4nger oder Fortgeschrittener sind, eines ist sicher: Sie werden es genie\u00dfen!  <\/p>\n\n\n\n<p class=\"has-base-2-color has-text-color has-link-color wp-elements-ee81e59329b480fe3270726d7f22dacf\">Sportbegeisterte k\u00f6nnen die Gelegenheit nutzen, um sich selbst herauszufordern und neue Erfahrungen zu machen. Sie werden einen Adrenalinschub <strong>erleben<\/strong>. <br\/><\/p>\n<\/div>\n<\/div>\n<\/div>\n\n<div style=\"height:100px\" aria-hidden=\"true\" class=\"wp-block-spacer gt-hide-mobile\"><\/div>\n\n<div id=\"gt_1-cta-svg_001\" class=\"wp-block-group has-global-padding is-layout-constrained wp-block-group-is-layout-constrained\">\n<div class=\"wp-block-columns are-vertically-aligned-center is-layout-flex wp-container-core-columns-is-layout-9b24e0e0 wp-block-columns-is-layout-flex\">\n<div class=\"wp-block-column is-vertically-aligned-center is-layout-flow wp-block-column-is-layout-flow\" id=\"image\">\n<div data-swiper=\"{&quot;speed&quot;:400,&quot;spaceBetween&quot;:16,&quot;slidesPerView&quot;:3,&quot;createElements&quot;:true,&quot;loop&quot;:true,&quot;freemode&quot;:true,&quot;navigation&quot;:{&quot;nextEl&quot;:&quot;buttonNext&quot;,&quot;prevEl&quot;:&quot;buttonPrev&quot;},&quot;breakpoints&quot;:[{&quot;slidesPerView&quot;:1}]}\" class=\"wp-block-group gt-is-slider gt-is-slider-desktop has-global-padding is-layout-constrained wp-block-group-is-layout-constrained\">\n<figure class=\"wp-block-image size-large has-custom-border\"><img decoding=\"async\" width=\"1024\" height=\"683\" src=\"https:\/\/www.camping2laplage.com\/wp-content\/uploads\/2025\/08\/paddle-isere-1024x683.jpg\" alt=\"paddle isere\" class=\"wp-image-1706\" style=\"border-radius:25px\" srcset=\"https:\/\/www.camping2laplage.com\/wp-content\/uploads\/2025\/08\/paddle-isere-1024x683.jpg 1024w, https:\/\/www.camping2laplage.com\/wp-content\/uploads\/2025\/08\/paddle-isere-300x200.jpg 300w, https:\/\/www.camping2laplage.com\/wp-content\/uploads\/2025\/08\/paddle-isere-768x512.jpg 768w, https:\/\/www.camping2laplage.com\/wp-content\/uploads\/2025\/08\/paddle-isere.jpg 1199w\" sizes=\"(max-width: 1024px) 100vw, 1024px\" \/><\/figure>\n\n\n\n<figure class=\"wp-block-image size-large has-custom-border\"><img decoding=\"async\" width=\"1024\" height=\"683\" src=\"https:\/\/www.camping2laplage.com\/wp-content\/uploads\/2025\/08\/aire-quatique-isere-1024x683.jpg\" alt=\"area quatique isere\" class=\"wp-image-1702\" style=\"border-radius:25px\" srcset=\"https:\/\/www.camping2laplage.com\/wp-content\/uploads\/2025\/08\/aire-quatique-isere-1024x683.jpg 1024w, https:\/\/www.camping2laplage.com\/wp-content\/uploads\/2025\/08\/aire-quatique-isere-300x200.jpg 300w, https:\/\/www.camping2laplage.com\/wp-content\/uploads\/2025\/08\/aire-quatique-isere-768x512.jpg 768w, https:\/\/www.camping2laplage.com\/wp-content\/uploads\/2025\/08\/aire-quatique-isere.jpg 1199w\" sizes=\"(max-width: 1024px) 100vw, 1024px\" \/><\/figure>\n<\/div>\n<\/div>\n\n\n\n<div class=\"wp-block-column is-vertically-aligned-center animated slideInUp is-layout-flow wp-block-column-is-layout-flow\" id=\"content\">\n<h2 class=\"wp-block-heading has-custom-rouge-color has-text-color has-link-color wp-elements-0faa4834a7f2a87f43e7c0d813bdb411\">Campingplatz am See mit Wassersportbasis<\/h2>\n\n\n\n<p>Der Campingplatz de la Plage, ein <a href=\"https:\/\/www.camping2laplage.com\/de\/campingplatz-services-treffort\/\" data-type=\"page\" data-id=\"7\">Campingplatz mit Dienstleistungen im Departement Is\u00e8re<\/a>, hat auch einen <strong>direkten Zugang zum Strand des Lac de Monteynard<\/strong>, so dass Sie diese nat\u00fcrliche Umgebung in vollen Z\u00fcgen genie\u00dfen k\u00f6nnen. Eine ideale Umgebung f\u00fcr Hundeausfl\u00fcge auf unserem <a href=\"https:\/\/www.camping2laplage.com\/de\/hundefreundlicher-campingplatz-treffort\/\" data-type=\"page\" data-id=\"9\">dog friendly Campingplatz in der N\u00e4he von Grenoble<\/a>! <\/p>\n\n\n\n<p>W\u00e4hrend Ihres Aufenthalts auf dem Campingplatz am See von Monteynard k\u00f6nnen Sie verschiedene <strong>Wassersportarten<\/strong> ausprobieren, wie z.B. Paddeln, Kitesurfen und Windsurfen, aber auch Wasserski, Windsurfen oder eine <strong>Fahrt mit der Mira<\/strong>, dem ber\u00fchmten Boot, das <strong>Kreuzfahrten auf dem See<\/strong> anbietet.<\/p>\n<\/div>\n<\/div>\n<\/div>\n\n<section class=\"wp-block-group alignfull bloc-maillage has-global-padding is-layout-constrained wp-container-core-group-is-layout-6131d34a wp-block-group-is-layout-constrained\" style=\"margin-top:0px;margin-bottom:0px;padding-top:10rem;padding-right:0;padding-bottom:10rem;padding-left:0rem\">\n<p class=\"has-text-align-center has-custom-rouge-color has-text-color has-link-color has-basteleur-font-family wp-elements-088d06e8262be72cdce378d330246c48\" style=\"font-size:clamp(2.2rem, 2.2rem + ((1vw - 0.2rem) * 1.714), 4rem);\">Entdecken Sie<\/p>\n\n\n\n<p class=\"has-text-align-center has-custom-rouge-color has-text-color has-link-color has-basteleur-font-family wp-elements-b1305d84ccbe381e84e1fd409632ff9d\" style=\"font-size:clamp(1.25rem, 1.25rem + ((1vw - 0.2rem) * 0.714), 2rem);\">unsere Stellpl\u00e4tze, Mietunterk\u00fcnfte und unser Restaurant<\/p>\n\n\n\n<div class=\"wp-block-group maillage is-layout-flow wp-block-group-is-layout-flow\">\n<div class=\"wp-block-query alignfull is-layout-flow wp-block-query-is-layout-flow\"><ul class=\"columns-3 wp-block-post-template is-layout-grid wp-container-core-post-template-is-layout-572542b5 wp-block-post-template-is-layout-grid\"><li class=\"wp-block-post post-2465 page type-page status-publish has-post-thumbnail hentry\">\n\n<div class=\"wp-block-group overflow-hidden gt-maillage has-global-padding is-layout-constrained wp-block-group-is-layout-constrained\">\n<figure class=\"wp-block-image gt-maillage__image\"><img decoding=\"async\" src=\"https:\/\/www.camping2laplage.com\/wp-content\/uploads\/2025\/07\/camping-profiter-du-restaurant-1.webp\" alt=\"Camping genie\u00dfen Sie das Restaurant\" style=\"aspect-ratio:3\/4;object-fit:cover\"\/><\/figure>\n\n\n\n<p class=\"has-text-align-right gt-maillage__title gt-btn-arrow has-base-2-color has-text-color has-link-color has-basteleur-font-family wp-elements-5851ac654ece7c734572285f86f288d5\" style=\"border-right-style:none;border-right-width:0px;border-bottom-style:none;border-bottom-width:0px;padding-right:1rem;font-size:clamp(1.743rem, 1.743rem + ((1vw - 0.2rem) * 1.197), 3rem);font-style:normal;font-weight:300;text-transform:none\">Das Restaurant<\/p>\n\n\n<a class=\"is-style-lien-cover wp-block-read-more\" href=\"https:\/\/www.camping2laplage.com\/de\/gaststaette-treffort\/\" target=\"_self\">Weiterlesen<span class=\"screen-reader-text\">: Das Restaurant<\/span><\/a><\/div>\n\n<\/li><li class=\"wp-block-post post-2475 page type-page status-publish has-post-thumbnail hentry\">\n\n<div class=\"wp-block-group overflow-hidden gt-maillage has-global-padding is-layout-constrained wp-block-group-is-layout-constrained\">\n<figure class=\"wp-block-image gt-maillage__image\"><img decoding=\"async\" src=\"https:\/\/www.camping2laplage.com\/wp-content\/uploads\/2025\/09\/emplacements-campibg-isere.jpg\" alt=\"Stellpl\u00e4tze camping isere\" style=\"aspect-ratio:3\/4;object-fit:cover\"\/><\/figure>\n\n\n\n<p class=\"has-text-align-right gt-maillage__title gt-btn-arrow has-base-2-color has-text-color has-link-color has-basteleur-font-family wp-elements-5851ac654ece7c734572285f86f288d5\" style=\"border-right-style:none;border-right-width:0px;border-bottom-style:none;border-bottom-width:0px;padding-right:1rem;font-size:clamp(1.743rem, 1.743rem + ((1vw - 0.2rem) * 1.197), 3rem);font-style:normal;font-weight:300;text-transform:none\">Die Stellpl\u00e4tze<\/p>\n\n\n<a class=\"is-style-lien-cover wp-block-read-more\" href=\"https:\/\/www.camping2laplage.com\/de\/stellplatzvermietung-treffort\/\" target=\"_self\">Weiterlesen<span class=\"screen-reader-text\">: Die Stellpl\u00e4tze<\/span><\/a><\/div>\n\n<\/li><li class=\"wp-block-post post-2467 page type-page status-publish has-post-thumbnail hentry\">\n\n<div class=\"wp-block-group overflow-hidden gt-maillage has-global-padding is-layout-constrained wp-block-group-is-layout-constrained\">\n<figure class=\"wp-block-image gt-maillage__image\"><img decoding=\"async\" src=\"https:\/\/www.camping2laplage.com\/wp-content\/uploads\/2025\/08\/location-hebergement-isere.jpg\" alt=\"vermietung von ferienwohnungen isere\" style=\"aspect-ratio:3\/4;object-fit:cover\"\/><\/figure>\n\n\n\n<p class=\"has-text-align-right gt-maillage__title gt-btn-arrow has-base-2-color has-text-color has-link-color has-basteleur-font-family wp-elements-5851ac654ece7c734572285f86f288d5\" style=\"border-right-style:none;border-right-width:0px;border-bottom-style:none;border-bottom-width:0px;padding-right:1rem;font-size:clamp(1.743rem, 1.743rem + ((1vw - 0.2rem) * 1.197), 3rem);font-style:normal;font-weight:300;text-transform:none\">Unsere Preise<\/p>\n\n\n<a class=\"is-style-lien-cover wp-block-read-more\" href=\"https:\/\/www.camping2laplage.com\/de\/mobilheimvermietung-treffort\/\" target=\"_self\">Weiterlesen<span class=\"screen-reader-text\">: Die Vermietungen<\/span><\/a><\/div>\n\n<\/li><\/ul><\/div>\n<\/div>\n<\/section>\n","protected":false},"excerpt":{"rendered":"<p>Campingplatz 2 am Strand &gt; Campingplatz am See von Monteynard Der See von Monteynard ist ein kleines Paradies f\u00fcr alle Badefreunde und Wasserratten und bietet eine F\u00fclle von Aktivit\u00e4ten, die Ihnen unvergessliche Momente auf dem Campingplatz im Departement Is\u00e8re bescheren werden. Ob allein, mit der Familie oder mit Freunden, in Monteynard gibt es f\u00fcr jeden [&hellip;]<\/p>\n","protected":false},"author":1,"featured_media":2143,"parent":0,"menu_order":0,"comment_status":"closed","ping_status":"closed","template":"","meta":{"_acf_changed":false,"_seopress_robots_primary_cat":"","_seopress_titles_title":"Campingplatz am See von Monteynard | Camping nautique base Is\u00e8re","_seopress_titles_desc":"","_seopress_robots_index":"","_gt_ctv_global_id":"12907","_gt_ctv_id_group":false,"inline_featured_image":false,"gt_fse_maillage_image":"https:\/\/www.camping2laplage.com\/wp-content\/uploads\/2025\/08\/lac-alpes-1.jpg","gt_fse_maillage_titre":"See & Wassersportzentrum","gt_fse_maillage_alt":"See Alpen","gt_fse_maillage_resume":"","footnotes":""},"categories":[],"tags":[],"class_list":["post-2481","page","type-page","status-publish","has-post-thumbnail","hentry"],"acf":[],"_links":{"self":[{"href":"https:\/\/www.camping2laplage.com\/de\/wp-json\/wp\/v2\/pages\/2481","targetHints":{"allow":["GET"]}}],"collection":[{"href":"https:\/\/www.camping2laplage.com\/de\/wp-json\/wp\/v2\/pages"}],"about":[{"href":"https:\/\/www.camping2laplage.com\/de\/wp-json\/wp\/v2\/types\/page"}],"author":[{"embeddable":true,"href":"https:\/\/www.camping2laplage.com\/de\/wp-json\/wp\/v2\/users\/1"}],"replies":[{"embeddable":true,"href":"https:\/\/www.camping2laplage.com\/de\/wp-json\/wp\/v2\/comments?post=2481"}],"version-history":[{"count":17,"href":"https:\/\/www.camping2laplage.com\/de\/wp-json\/wp\/v2\/pages\/2481\/revisions"}],"predecessor-version":[{"id":2996,"href":"https:\/\/www.camping2laplage.com\/de\/wp-json\/wp\/v2\/pages\/2481\/revisions\/2996"}],"wp:featuredmedia":[{"embeddable":true,"href":"https:\/\/www.camping2laplage.com\/de\/wp-json\/wp\/v2\/media\/2143"}],"wp:attachment":[{"href":"https:\/\/www.camping2laplage.com\/de\/wp-json\/wp\/v2\/media?parent=2481"}],"wp:term":[{"taxonomy":"category","embeddable":true,"href":"https:\/\/www.camping2laplage.com\/de\/wp-json\/wp\/v2\/categories?post=2481"},{"taxonomy":"post_tag","embeddable":true,"href":"https:\/\/www.camping2laplage.com\/de\/wp-json\/wp\/v2\/tags?post=2481"}],"curies":[{"name":"wp","href":"https:\/\/api.w.org\/{rel}","templated":true}]}}