{"id":2491,"date":"2025-07-09T13:14:48","date_gmt":"2025-07-09T11:14:48","guid":{"rendered":"https:\/\/www.camping2laplage.com\/camping-acceptant-chiens-dogs-friendly-treffort\/"},"modified":"2025-09-22T13:17:23","modified_gmt":"2025-09-22T11:17:23","slug":"hundefreundlicher-campingplatz-treffort","status":"publish","type":"page","link":"https:\/\/www.camping2laplage.com\/de\/hundefreundlicher-campingplatz-treffort\/","title":{"rendered":"Hundefreundlich"},"content":{"rendered":"\n<div id=\"titre-fil\" class=\"wp-block-group is-vertical is-content-justification-center is-layout-flex wp-container-core-group-is-layout-3fb1c651 wp-block-group-is-layout-flex\" style=\"padding-right:20%;padding-left:20%\">\n<div class=\"wp-block-group is-horizontal is-layout-flex wp-container-core-group-is-layout-048c9698 wp-block-group-is-layout-flex\">\n<p class=\"has-text-align-center has-custom-rouge-color has-text-color has-link-color wp-elements-79a042dbca45755e6373eff5dc6677e8\" style=\"font-style:normal;font-weight:400;letter-spacing:2px\"><a href=\"https:\/\/www.camping2laplage.com\/de\/\" data-type=\"page\" data-id=\"5\">Campingplatz 2 am Strand<\/a> &gt;<\/p>\n\n\n<p class=\"has-text-align-center has-custom-rouge-color has-text-color has-link-color\" \n    style=\"font-style:normal;font-weight:400;letter-spacing:2px\">Hundefreundlich<\/p>\n<\/div>\n\n\n\n<h1 class=\"wp-block-heading has-text-align-center has-custom-rouge-color has-text-color has-link-color wp-elements-b325f0532fb447d64279a3063be2057f\" id=\"titre-page\" style=\"font-size:clamp(2.629rem, 2.629rem + ((1vw - 0.2rem) * 2.258), 5rem);\">Hundefreundlicher Campingplatz: Hunde sind in der N\u00e4he von Grenoble erlaubt!<\/h1>\n<\/div>\n\n<div style=\"height:100px\" aria-hidden=\"true\" class=\"wp-block-spacer gt-hide-mobile\"><\/div>\n\n<div id=\"gt_1-cta-svg_001\" class=\"wp-block-group has-global-padding is-layout-constrained wp-block-group-is-layout-constrained\">\n<div class=\"wp-block-columns are-vertically-aligned-center is-layout-flex wp-container-core-columns-is-layout-9b24e0e0 wp-block-columns-is-layout-flex\">\n<div class=\"wp-block-column is-vertically-aligned-center animated slideInUp is-layout-flow wp-block-column-is-layout-flow\" id=\"content\">\n<h2 class=\"wp-block-heading has-custom-rouge-color has-text-color has-link-color wp-elements-4bd87038950da10c4e4665feef7e2446\">Nehmen Sie Ihren Partner mit auf einen Campingurlaub<\/h2>\n\n\n\n<p>Ihr treuer Begleiter m\u00f6chte Sie auf Ihrer Reise begleiten? Kein Problem, <strong>wir akzeptieren Hunde<\/strong> auf unserem dog friendly Campingplatz in der N\u00e4he von Grenoble! Verbringen Sie Ihren Urlaub auf einem <a href=\"https:\/\/www.camping2laplage.com\/de\/\" data-type=\"page\" data-id=\"5\">Campingplatz im Departement Is\u00e8re<\/a>.  <\/p>\n\n\n\n<p>Hunde sind sowohl auf <a href=\"https:\/\/www.camping2laplage.com\/de\/stellplatzvermietung-treffort\/\" data-type=\"page\" data-id=\"11\">Ihren Stellpl\u00e4tzen<\/a> als auch in allen <a href=\"https:\/\/www.camping2laplage.com\/de\/mobilheimvermietung-treffort\/\" data-type=\"page\" data-id=\"10\">unseren Unterk\u00fcnften in der N\u00e4he von Grenoble<\/a> erlaubt. Bitte denken Sie daran, Ihre Hunde bei der Reservierung anzumelden. Hunde der ersten Kategorie sind nicht erlaubt.  <\/p>\n\n\n\n<p>Denken Sie daran, seinen <strong>Impfpass<\/strong>, eine <strong>Leine<\/strong> und <strong>Canisacs<\/strong> in Ihrem Gep\u00e4ck mitzunehmen. Haben Sie keine Canisacs mehr? Kein Problem, Ihr dog friendly Campingplatz in der Is\u00e8re hat alles vorbereitet: wir verkaufen sie an der Rezeption.  <\/p>\n\n\n\n<p>Auf dem Gel\u00e4nde des Campingplatzes 2 la Plage und im <a href=\"https:\/\/www.camping2laplage.com\/de\/gaststaette-treffort\/\" data-type=\"page\" data-id=\"13\">Restaurant Le Spot<\/a> muss er <strong>an der Leine gehalten<\/strong> werden.<\/p>\n<\/div>\n\n\n\n<div class=\"wp-block-column is-vertically-aligned-center is-layout-flow wp-block-column-is-layout-flow\" id=\"image\">\n<div data-swiper=\"{&quot;speed&quot;:400,&quot;spaceBetween&quot;:16,&quot;slidesPerView&quot;:3,&quot;createElements&quot;:true,&quot;loop&quot;:true,&quot;freemode&quot;:true,&quot;navigation&quot;:{&quot;nextEl&quot;:&quot;buttonNext&quot;,&quot;prevEl&quot;:&quot;buttonPrev&quot;},&quot;breakpoints&quot;:[{&quot;slidesPerView&quot;:1}]}\" class=\"wp-block-group gt-is-slider gt-is-slider-desktop has-global-padding is-layout-constrained wp-block-group-is-layout-constrained\">\n<figure class=\"wp-block-image size-large has-custom-border\"><img decoding=\"async\" width=\"1024\" height=\"683\" src=\"https:\/\/www.camping2laplage.com\/wp-content\/uploads\/2025\/08\/chien-camping-isere-1024x683.jpg\" alt=\"hund camping isere\" class=\"wp-image-1512\" style=\"border-radius:25px\" srcset=\"https:\/\/www.camping2laplage.com\/wp-content\/uploads\/2025\/08\/chien-camping-isere-1024x683.jpg 1024w, https:\/\/www.camping2laplage.com\/wp-content\/uploads\/2025\/08\/chien-camping-isere-300x200.jpg 300w, https:\/\/www.camping2laplage.com\/wp-content\/uploads\/2025\/08\/chien-camping-isere-768x512.jpg 768w, https:\/\/www.camping2laplage.com\/wp-content\/uploads\/2025\/08\/chien-camping-isere.jpg 1199w\" sizes=\"(max-width: 1024px) 100vw, 1024px\" \/><\/figure>\n\n\n\n<figure class=\"wp-block-image size-large has-custom-border\"><img decoding=\"async\" width=\"1024\" height=\"683\" src=\"https:\/\/www.camping2laplage.com\/wp-content\/uploads\/2025\/08\/chien-camping-1024x683.jpg\" alt=\"Hund Camping\" class=\"wp-image-1518\" style=\"border-radius:25px\" srcset=\"https:\/\/www.camping2laplage.com\/wp-content\/uploads\/2025\/08\/chien-camping-1024x683.jpg 1024w, https:\/\/www.camping2laplage.com\/wp-content\/uploads\/2025\/08\/chien-camping-300x200.jpg 300w, https:\/\/www.camping2laplage.com\/wp-content\/uploads\/2025\/08\/chien-camping-768x512.jpg 768w, https:\/\/www.camping2laplage.com\/wp-content\/uploads\/2025\/08\/chien-camping.jpg 1199w\" sizes=\"(max-width: 1024px) 100vw, 1024px\" \/><\/figure>\n<\/div>\n<\/div>\n<\/div>\n<\/div>\n\n<div style=\"height:100px\" aria-hidden=\"true\" class=\"wp-block-spacer gt-hide-mobile\"><\/div>\n\n<div id=\"gt_3-ctafull_001\" class=\"wp-block-group has-global-padding is-layout-constrained wp-container-core-group-is-layout-12243e0f wp-block-group-is-layout-constrained\">\n<div id=\"slider-images\" class=\"wp-block-group has-global-padding is-layout-constrained wp-container-core-group-is-layout-e555385e wp-block-group-is-layout-constrained\">\n<div data-swiper=\"{&quot;speed&quot;:1000,&quot;autoplay&quot;:{&quot;delay&quot;:5000,&quot;disableOnInteraction&quot;:false},&quot;spaceBetween&quot;:0,&quot;slidesPerView&quot;:1,&quot;pagination&quot;:{&quot;el&quot;:&quot;.swiper-pagination&quot;,&quot;dynamicBullets&quot;:true,&quot;clickable&quot;:true,&quot;type&quot;:&quot;bullets&quot;},&quot;navigation&quot;:{&quot;nextEl&quot;:&quot;.swiper-button-next&quot;,&quot;prevEl&quot;:&quot;.swiper-button-prev&quot;},&quot;breakpoints&quot;:[{&quot;slidesPerView&quot;:1}]}\" class=\"wp-block-cover\"><img decoding=\"async\" width=\"2000\" height=\"700\" class=\"wp-block-cover__image-background wp-image-1523 size-full\" alt=\"location animaux camping isere\" src=\"https:\/\/www.camping2laplage.com\/wp-content\/uploads\/2025\/08\/location-animaux-camping-isere.jpg\" data-object-fit=\"cover\" srcset=\"https:\/\/www.camping2laplage.com\/wp-content\/uploads\/2025\/08\/location-animaux-camping-isere.jpg 2000w, https:\/\/www.camping2laplage.com\/wp-content\/uploads\/2025\/08\/location-animaux-camping-isere-300x105.jpg 300w, https:\/\/www.camping2laplage.com\/wp-content\/uploads\/2025\/08\/location-animaux-camping-isere-1024x358.jpg 1024w, https:\/\/www.camping2laplage.com\/wp-content\/uploads\/2025\/08\/location-animaux-camping-isere-768x269.jpg 768w, https:\/\/www.camping2laplage.com\/wp-content\/uploads\/2025\/08\/location-animaux-camping-isere-1536x538.jpg 1536w\" sizes=\"(max-width: 2000px) 100vw, 2000px\" \/><span aria-hidden=\"true\" class=\"wp-block-cover__background has-background-dim\"><\/span><div class=\"wp-block-cover__inner-container has-global-padding is-layout-constrained wp-block-cover-is-layout-constrained\">\n<p class=\"has-text-align-center has-large-font-size\"><\/p>\n<\/div><\/div>\n<\/div>\n\n\n\n<div class=\"wp-block-columns has-custom-rouge-background-color has-background is-layout-flex wp-container-core-columns-is-layout-32f5ffe2 wp-block-columns-is-layout-flex\" id=\"content\" style=\"padding-top:6em;padding-right:8em;padding-bottom:6em;padding-left:8em\">\n<div class=\"wp-block-column col-image is-layout-flow wp-block-column-is-layout-flow\" style=\"flex-basis:40%\">\n<div style=\"height:100px\" aria-hidden=\"true\" class=\"wp-block-spacer gt-hide-mobile\"><\/div>\n\n\n\n<div class=\"wp-block-buttons is-content-justification-center is-layout-flex wp-container-core-buttons-is-layout-5b5683f2 wp-block-buttons-is-layout-flex\">\n<div class=\"wp-block-button btn-1\"><a class=\"wp-block-button__link has-custom-rouge-color has-custom-mauve-background-color has-text-color has-background has-link-color has-roboto-font-family has-text-align-center has-custom-font-size wp-element-button\" href=\"https:\/\/www.camping2laplage.com\/de\/mobilheimvermietung-treffort\/\" style=\"border-radius:100px;padding-top:20px;padding-right:40px;padding-bottom:20px;padding-left:40px;font-size:clamp(14px, 0.875rem + ((1vw - 3.2px) * 0.238), 18px);font-style:normal;font-weight:500;letter-spacing:2px;text-transform:uppercase\" target=\"_blank\" rel=\"noreferrer noopener\">unsere Vermietungen<\/a><\/div>\n<\/div>\n<\/div>\n\n\n\n<div class=\"wp-block-column col-content is-layout-flow wp-block-column-is-layout-flow\" style=\"flex-basis:60%\">\n<h2 class=\"wp-block-heading has-base-2-color has-text-color has-link-color wp-elements-053050838e1254c614a08ec1340142a6\">Hundefreundliche Mobilheime<\/h2>\n\n\n\n<p class=\"has-base-2-color has-text-color has-link-color wp-elements-59f2382000380b25453ceb9d494bc9bf\">Auf dem <a href=\"https:\/\/www.camping2laplage.com\/de\/campingplatz-treffort\/\" data-type=\"page\" data-id=\"6\">Campingplatz in Treffort<\/a> sind die Unterk\u00fcnfte und Stellpl\u00e4tze f\u00fcr Zelte <strong>f\u00fcr Hunde ge\u00f6ffnet<\/strong>. Bei Ihrer Ankunft stehen Ihnen Futtern\u00e4pfe, einige Hundetoiletten und eine <strong>Decke<\/strong><strong> zur Verf\u00fcgung<\/strong>. Wir bitten Sie, Ihr Tier nicht auf die Betten und B\u00e4nke zu bringen.  <\/p>\n\n\n\n<p class=\"has-base-2-color has-text-color has-link-color wp-elements-6b55b481700e8da1d9045fe5c5023b71\">W\u00e4hrend Ihrer Abwesenheit darf Ihr Haustier nicht alleine auf Ihrem Stellplatz bleiben oder in der Unterkunft, im Zelt oder Wohnwagen eingesperrt werden. Es k\u00f6nnte bellen und sich \u00fcberhitzen. Ein Problem w\u00e4hrend Ihres Urlaubs? Wir k\u00f6nnen Ihnen <a href=\"https:\/\/www.camping2laplage.com\/de\/campingplatz-services-treffort\/\" data-type=\"page\" data-id=\"7\">einen Tierarzt<\/a> in <strong>der N\u00e4he vermitteln<\/strong>.   <\/p>\n<\/div>\n<\/div>\n<\/div>\n\n<div style=\"height:100px\" aria-hidden=\"true\" class=\"wp-block-spacer gt-hide-mobile\"><\/div>\n\n<div id=\"gt_1-cta-svg_001\" class=\"wp-block-group has-global-padding is-layout-constrained wp-block-group-is-layout-constrained\">\n<div class=\"wp-block-columns are-vertically-aligned-center is-layout-flex wp-container-core-columns-is-layout-9b24e0e0 wp-block-columns-is-layout-flex\">\n<div class=\"wp-block-column is-vertically-aligned-center is-layout-flow wp-block-column-is-layout-flow\" id=\"image\">\n<div data-swiper=\"{&quot;speed&quot;:400,&quot;spaceBetween&quot;:16,&quot;slidesPerView&quot;:3,&quot;createElements&quot;:true,&quot;loop&quot;:true,&quot;freemode&quot;:true,&quot;navigation&quot;:{&quot;nextEl&quot;:&quot;buttonNext&quot;,&quot;prevEl&quot;:&quot;buttonPrev&quot;},&quot;breakpoints&quot;:[{&quot;slidesPerView&quot;:1}]}\" class=\"wp-block-group gt-is-slider gt-is-slider-desktop has-global-padding is-layout-constrained wp-block-group-is-layout-constrained\">\n<figure class=\"wp-block-image size-large has-custom-border\"><img decoding=\"async\" width=\"1024\" height=\"683\" src=\"https:\/\/www.camping2laplage.com\/wp-content\/uploads\/2025\/08\/plage-chien-isere-1024x683.jpg\" alt=\"Hundestrand isere\" class=\"wp-image-1530\" style=\"border-radius:25px\" srcset=\"https:\/\/www.camping2laplage.com\/wp-content\/uploads\/2025\/08\/plage-chien-isere-1024x683.jpg 1024w, https:\/\/www.camping2laplage.com\/wp-content\/uploads\/2025\/08\/plage-chien-isere-300x200.jpg 300w, https:\/\/www.camping2laplage.com\/wp-content\/uploads\/2025\/08\/plage-chien-isere-768x512.jpg 768w, https:\/\/www.camping2laplage.com\/wp-content\/uploads\/2025\/08\/plage-chien-isere.jpg 1199w\" sizes=\"(max-width: 1024px) 100vw, 1024px\" \/><\/figure>\n\n\n\n<figure class=\"wp-block-image size-large has-custom-border\"><img decoding=\"async\" width=\"1024\" height=\"683\" src=\"https:\/\/www.camping2laplage.com\/wp-content\/uploads\/2025\/08\/montagne-chien-isere-1024x683.jpg\" alt=\"hundeberg isere\" class=\"wp-image-1535\" style=\"border-radius:25px\" srcset=\"https:\/\/www.camping2laplage.com\/wp-content\/uploads\/2025\/08\/montagne-chien-isere-1024x683.jpg 1024w, https:\/\/www.camping2laplage.com\/wp-content\/uploads\/2025\/08\/montagne-chien-isere-300x200.jpg 300w, https:\/\/www.camping2laplage.com\/wp-content\/uploads\/2025\/08\/montagne-chien-isere-768x512.jpg 768w, https:\/\/www.camping2laplage.com\/wp-content\/uploads\/2025\/08\/montagne-chien-isere.jpg 1199w\" sizes=\"(max-width: 1024px) 100vw, 1024px\" \/><\/figure>\n<\/div>\n<\/div>\n\n\n\n<div class=\"wp-block-column is-vertically-aligned-center animated slideInUp is-layout-flow wp-block-column-is-layout-flow\" id=\"content\">\n<h2 class=\"wp-block-heading has-custom-rouge-color has-text-color has-link-color wp-elements-54e3c2828536e0873a25b8719858a9ae\">Ihr Aufenthalt auf einem dog friendly Campingplatz im Departement Is\u00e8re<\/h2>\n\n\n\n<p>Die Auswahl an <strong>Aktivit\u00e4ten<\/strong> mit Ihrem Haustier ist gro\u00df: Wanderungen, auch auf Stegen, Paddeln, Besuch des Schlosses von Vizille, M\u00e4rkte, Kreuzfahrten mit der La Mira, Besichtigung von Grenoble, Route des savoir-faire, Besichtigung des Bergwerks&#8230; Nicht zu vergessen die langen <a href=\"https:\/\/www.camping2laplage.com\/de\/campingplatz-am-see-wassersportzentrum-treffort\/\" data-type=\"page\" data-id=\"8\">Spazierg\u00e4nge am See von Monteynard<\/a> und die <strong>Spiele am Strand<\/strong>. <\/p>\n\n\n\n<p>In der Bar und im Restaurant muss Ihr Haustier an der Leine gehalten werden. Bei jedem Besuch wird Ihrem Tier ein <strong>Napf mit frischem Wasser<\/strong> angeboten. <\/p>\n<\/div>\n<\/div>\n<\/div>\n\n<section class=\"wp-block-group alignfull bloc-maillage has-global-padding is-layout-constrained wp-container-core-group-is-layout-6131d34a wp-block-group-is-layout-constrained\" style=\"margin-top:0px;margin-bottom:0px;padding-top:10rem;padding-right:0;padding-bottom:10rem;padding-left:0rem\">\n<p class=\"has-text-align-center has-custom-rouge-color has-text-color has-link-color has-basteleur-font-family wp-elements-088d06e8262be72cdce378d330246c48\" style=\"font-size:clamp(2.2rem, 2.2rem + ((1vw - 0.2rem) * 1.714), 4rem);\">Entdecken Sie<\/p>\n\n\n\n<p class=\"has-text-align-center has-custom-rouge-color has-text-color has-link-color has-basteleur-font-family wp-elements-51c929e9c34d59356803871cb3cafc36\" style=\"font-size:clamp(1.25rem, 1.25rem + ((1vw - 0.2rem) * 0.714), 2rem);\">unser Campingplatz, unsere Vermietungen und der See<\/p>\n\n\n\n<div class=\"wp-block-group maillage is-layout-flow wp-block-group-is-layout-flow\">\n<div class=\"wp-block-query alignfull is-layout-flow wp-block-query-is-layout-flow\"><ul class=\"columns-3 wp-block-post-template is-layout-grid wp-container-core-post-template-is-layout-572542b5 wp-block-post-template-is-layout-grid\"><li class=\"wp-block-post post-2481 page type-page status-publish has-post-thumbnail hentry\">\n\n<div class=\"wp-block-group overflow-hidden gt-maillage has-global-padding is-layout-constrained wp-block-group-is-layout-constrained\">\n<figure class=\"wp-block-image gt-maillage__image\"><img decoding=\"async\" src=\"https:\/\/www.camping2laplage.com\/wp-content\/uploads\/2025\/08\/lac-alpes-1.jpg\" alt=\"See Alpen\" style=\"aspect-ratio:3\/4;object-fit:cover\"\/><\/figure>\n\n\n\n<p class=\"has-text-align-right gt-maillage__title gt-btn-arrow has-base-2-color has-text-color has-link-color has-basteleur-font-family wp-elements-5851ac654ece7c734572285f86f288d5\" style=\"border-right-style:none;border-right-width:0px;border-bottom-style:none;border-bottom-width:0px;padding-right:1rem;font-size:clamp(1.743rem, 1.743rem + ((1vw - 0.2rem) * 1.197), 3rem);font-style:normal;font-weight:300;text-transform:none\">See &amp; Wassersportzentrum<\/p>\n\n\n<a class=\"is-style-lien-cover wp-block-read-more\" href=\"https:\/\/www.camping2laplage.com\/de\/campingplatz-am-see-wassersportzentrum-treffort\/\" target=\"_self\">Weiterlesen<span class=\"screen-reader-text\">: See &amp; Wassersportzentrum<\/span><\/a><\/div>\n\n<\/li><li class=\"wp-block-post post-2467 page type-page status-publish has-post-thumbnail hentry\">\n\n<div class=\"wp-block-group overflow-hidden gt-maillage has-global-padding is-layout-constrained wp-block-group-is-layout-constrained\">\n<figure class=\"wp-block-image gt-maillage__image\"><img decoding=\"async\" src=\"https:\/\/www.camping2laplage.com\/wp-content\/uploads\/2025\/08\/location-hebergement-isere.jpg\" alt=\"vermietung von ferienwohnungen isere\" style=\"aspect-ratio:3\/4;object-fit:cover\"\/><\/figure>\n\n\n\n<p class=\"has-text-align-right gt-maillage__title gt-btn-arrow has-base-2-color has-text-color has-link-color has-basteleur-font-family wp-elements-5851ac654ece7c734572285f86f288d5\" style=\"border-right-style:none;border-right-width:0px;border-bottom-style:none;border-bottom-width:0px;padding-right:1rem;font-size:clamp(1.743rem, 1.743rem + ((1vw - 0.2rem) * 1.197), 3rem);font-style:normal;font-weight:300;text-transform:none\">Unsere Preise<\/p>\n\n\n<a class=\"is-style-lien-cover wp-block-read-more\" href=\"https:\/\/www.camping2laplage.com\/de\/mobilheimvermietung-treffort\/\" target=\"_self\">Weiterlesen<span class=\"screen-reader-text\">: Die Vermietungen<\/span><\/a><\/div>\n\n<\/li><li class=\"wp-block-post post-2509 page type-page status-publish has-post-thumbnail hentry\">\n\n<div class=\"wp-block-group overflow-hidden gt-maillage has-global-padding is-layout-constrained wp-block-group-is-layout-constrained\">\n<figure class=\"wp-block-image gt-maillage__image\"><img decoding=\"async\" src=\"https:\/\/www.camping2laplage.com\/wp-content\/uploads\/2025\/08\/location-vacances-isere.jpg\" alt=\"Pr\u00e4sentation\" style=\"aspect-ratio:3\/4;object-fit:cover\"\/><\/figure>\n\n\n\n<p class=\"has-text-align-right gt-maillage__title gt-btn-arrow has-base-2-color has-text-color has-link-color has-basteleur-font-family wp-elements-5851ac654ece7c734572285f86f288d5\" style=\"border-right-style:none;border-right-width:0px;border-bottom-style:none;border-bottom-width:0px;padding-right:1rem;font-size:clamp(1.743rem, 1.743rem + ((1vw - 0.2rem) * 1.197), 3rem);font-style:normal;font-weight:300;text-transform:none\">Pr\u00e4sentation<\/p>\n\n\n<a class=\"is-style-lien-cover wp-block-read-more\" href=\"https:\/\/www.camping2laplage.com\/de\/campingplatz-treffort\/\" target=\"_self\">Weiterlesen<span class=\"screen-reader-text\">: Pr\u00e4sentation<\/span><\/a><\/div>\n\n<\/li><\/ul><\/div>\n<\/div>\n<\/section>\n","protected":false},"excerpt":{"rendered":"<p>Campingplatz 2 am Strand &gt; Hundefreundlicher Campingplatz: Hunde sind in der N\u00e4he von Grenoble erlaubt! Nehmen Sie Ihren Partner mit auf einen Campingurlaub Ihr treuer Begleiter m\u00f6chte Sie auf Ihrer Reise begleiten? Kein Problem, wir akzeptieren Hunde auf unserem dog friendly Campingplatz in der N\u00e4he von Grenoble! Verbringen Sie Ihren Urlaub auf einem Campingplatz im [&hellip;]<\/p>\n","protected":false},"author":1,"featured_media":1543,"parent":0,"menu_order":0,"comment_status":"closed","ping_status":"closed","template":"","meta":{"_acf_changed":false,"_seopress_robots_primary_cat":"","_seopress_titles_title":"Hundefreundlicher Campingplatz Is\u00e8re | Hunde erlaubt auf dem Campingplatz 38","_seopress_titles_desc":"","_seopress_robots_index":"","_gt_ctv_global_id":"","_gt_ctv_id_group":false,"inline_featured_image":false,"gt_fse_maillage_image":"https:\/\/www.camping2laplage.com\/wp-content\/uploads\/2025\/08\/camping-chien.jpg","gt_fse_maillage_titre":"Hundefreundlich","gt_fse_maillage_alt":"Hundefreundlich","gt_fse_maillage_resume":"","footnotes":""},"categories":[],"tags":[],"class_list":["post-2491","page","type-page","status-publish","has-post-thumbnail","hentry"],"acf":[],"_links":{"self":[{"href":"https:\/\/www.camping2laplage.com\/de\/wp-json\/wp\/v2\/pages\/2491","targetHints":{"allow":["GET"]}}],"collection":[{"href":"https:\/\/www.camping2laplage.com\/de\/wp-json\/wp\/v2\/pages"}],"about":[{"href":"https:\/\/www.camping2laplage.com\/de\/wp-json\/wp\/v2\/types\/page"}],"author":[{"embeddable":true,"href":"https:\/\/www.camping2laplage.com\/de\/wp-json\/wp\/v2\/users\/1"}],"replies":[{"embeddable":true,"href":"https:\/\/www.camping2laplage.com\/de\/wp-json\/wp\/v2\/comments?post=2491"}],"version-history":[{"count":15,"href":"https:\/\/www.camping2laplage.com\/de\/wp-json\/wp\/v2\/pages\/2491\/revisions"}],"predecessor-version":[{"id":3043,"href":"https:\/\/www.camping2laplage.com\/de\/wp-json\/wp\/v2\/pages\/2491\/revisions\/3043"}],"wp:featuredmedia":[{"embeddable":true,"href":"https:\/\/www.camping2laplage.com\/de\/wp-json\/wp\/v2\/media\/1543"}],"wp:attachment":[{"href":"https:\/\/www.camping2laplage.com\/de\/wp-json\/wp\/v2\/media?parent=2491"}],"wp:term":[{"taxonomy":"category","embeddable":true,"href":"https:\/\/www.camping2laplage.com\/de\/wp-json\/wp\/v2\/categories?post=2491"},{"taxonomy":"post_tag","embeddable":true,"href":"https:\/\/www.camping2laplage.com\/de\/wp-json\/wp\/v2\/tags?post=2491"}],"curies":[{"name":"wp","href":"https:\/\/api.w.org\/{rel}","templated":true}]}}